{"id":616,"date":"2018-08-15T18:08:51","date_gmt":"2018-08-15T18:08:51","guid":{"rendered":"http:\/\/192.168.1.3\/wp\/kordex\/?page_id=616"},"modified":"2022-04-10T19:13:27","modified_gmt":"2022-04-10T16:13:27","slug":"about-us","status":"publish","type":"page","link":"https:\/\/www.zebrano.ma\/ma\/?page_id=616","title":{"rendered":"Sur Nous"},"content":{"rendered":"\t\t<div data-elementor-type=\"wp-post\" data-elementor-id=\"616\" class=\"elementor elementor-616\" data-elementor-settings=\"[]\">\n\t\t\t\t\t\t\t<div class=\"elementor-section-wrap\">\n\t\t\t\t\t\t\t<section class=\"jarallax elementor-section elementor-top-section elementor-element elementor-element-361f3b8 elementor-section-boxed elementor-section-height-default elementor-section-height-default\" data-jarallax=\"\" data-speed=\"0.75\" data-type=\"scroll\" data-parallax=\"scroll\" style=\"background-image:url(&quot;https:\/\/www.zebranomobilya.com.tr\/tr\/wp-content\/uploads\/2021\/12\/KategoriHakkimizda.jpg&quot;);\" data-image-src=\"https:\/\/www.zebranomobilya.com.tr\/tr\/wp-content\/uploads\/2021\/12\/KategoriHakkimizda.jpg\" data-id=\"361f3b8\" data-element_type=\"section\" data-settings=\"{&quot;background_background&quot;:&quot;video&quot;,&quot;background_video_link&quot;:&quot;https:\\\/\\\/www.youtube.com\\\/watch?v=hlBF0Bc1ej8&quot;}\">\n\t\t\t\t\t\t\t\t<div class=\"elementor-background-video-container elementor-hidden-phone\">\n\t\t\t\t\t\t\t\t\t\t\t\t\t<div class=\"elementor-background-video-embed\"><\/div>\n\t\t\t\t\t\t\t\t\t\t\t\t<\/div>\n\t\t\t\t\t\t\t\t\t<div class=\"elementor-background-overlay\"><\/div>\n\t\t\t\t\t\t\t<div class=\"elementor-container elementor-column-gap-default\">\n\t\t\t\t\t<div class=\"elementor-column elementor-col-100 elementor-top-column elementor-element elementor-element-7ae11c9\" data-id=\"7ae11c9\" data-element_type=\"column\">\n\t\t\t<div class=\"elementor-widget-wrap elementor-element-populated\">\n\t\t\t\t\t\t\t\t<div class=\"elementor-element elementor-element-1597f408 section-align-left section-size-large subtitle-style-reveal elementor-widget elementor-widget-section-heading\" data-id=\"1597f408\" data-element_type=\"widget\" data-widget_type=\"section-heading.default\">\n\t\t\t\t<div class=\"elementor-widget-container\">\n\t\t\t<div class=\"section-heading headingstyle-subtitle\"><h5 class=\"entry-sub-title section-sub-title\"><span>WHO WE ARE<\/span><\/h5><h2 class=\"entry-title section-title\">Sur Nous<\/h2><div class=\"section-description clearfix\"><div class=\"section-description-inner\"><p><em>C'est la meilleure marque de Turquie qui a r\u00e9ussi \u00e0 s'ouvrir au monde dans le meuble classique, avant-garde et moderne avec pr\u00e8s de 40 magasins en Turquie et \u00e0 l'\u00e9tranger.<\/em><\/p>\n<p><em>C\u2019est l\u2019Adresse du Meuble de Luxe.<\/em><\/p>\n<\/div><\/div><\/div>\t\t<\/div>\n\t\t\t\t<\/div>\n\t\t\t\t\t<\/div>\n\t\t<\/div>\n\t\t\t\t\t\t\t<\/div>\n\t\t<\/section>\n\t\t\t\t<section class=\"elementor-section elementor-top-section elementor-element elementor-element-2ff02d90 elementor-section-full_width elementor-section-height-default elementor-section-height-default\" data-id=\"2ff02d90\" data-element_type=\"section\" data-settings=\"{&quot;background_background&quot;:&quot;gradient&quot;}\">\n\t\t\t\t\t\t<div class=\"elementor-container elementor-column-gap-no\">\n\t\t\t\t\t<div class=\"elementor-column elementor-col-50 elementor-top-column elementor-element elementor-element-37a55565\" data-id=\"37a55565\" data-element_type=\"column\" data-settings=\"{&quot;background_background&quot;:&quot;classic&quot;}\">\n\t\t\t<div class=\"elementor-widget-wrap elementor-element-populated\">\n\t\t\t\t\t\t\t\t<div class=\"elementor-element elementor-element-1f262bd elementor-widget elementor-widget-spacer\" data-id=\"1f262bd\" data-element_type=\"widget\" data-widget_type=\"spacer.default\">\n\t\t\t\t<div class=\"elementor-widget-container\">\n\t\t\t\t\t<div class=\"elementor-spacer\">\n\t\t\t<div class=\"elementor-spacer-inner\"><\/div>\n\t\t<\/div>\n\t\t\t\t<\/div>\n\t\t\t\t<\/div>\n\t\t\t\t\t<\/div>\n\t\t<\/div>\n\t\t\t\t<div class=\"elementor-column elementor-col-50 elementor-top-column elementor-element elementor-element-176736bf\" data-id=\"176736bf\" data-element_type=\"column\" data-settings=\"{&quot;background_background&quot;:&quot;classic&quot;}\">\n\t\t\t<div class=\"elementor-widget-wrap elementor-element-populated\">\n\t\t\t\t\t\t\t\t<div class=\"elementor-element elementor-element-9d22c1f section-align-left animated-slow section-size-default subtitle-style-default elementor-invisible elementor-widget elementor-widget-section-heading\" data-id=\"9d22c1f\" data-element_type=\"widget\" data-settings=\"{&quot;_animation&quot;:&quot;fadeIn&quot;}\" data-widget_type=\"section-heading.default\">\n\t\t\t\t<div class=\"elementor-widget-container\">\n\t\t\t<div class=\"section-heading headingstyle-default\"><h2 class=\"entry-title section-title\">Historique<\/h2><div class=\"section-description clearfix\"><div class=\"section-description-inner\"><p><strong>Fond\u00e9e en 1985, ZEBRANO ; est devenu l\u2019une des marques prestigieuses et importantes de l\u2019industrie du meuble, en faisant de la qualit\u00e9 un slogan.  <\/strong><\/p>\n<p>Elle a une approche totalement exempte de probl\u00e8mes qui propose des solutions de conception et d\u2019approvisionnement adapt\u00e9es aux besoins de ses clients, int\u00e9gr\u00e9 avec des installations de production enti\u00e8rement \u00e9quip\u00e9 au sujet du bois et de la d\u00e9coration.<\/p>\n<p>ZEBRANO est l'un des principaux fournisseurs de conception, de conseil et de solutions cl\u00e9s en main pour les projets architecturaux. Avec son installation de production de technologie de pointe et son exp\u00e9rience ; elle offre des solutions compl\u00e8tes cl\u00e9 en main pour les h\u00f4tels, les b\u00e2timents commerciaux, les institutions publiques et les complexes r\u00e9sidentiels.<\/p>\n<p>Dans de nombreuses organisations nationales et \u00e9trang\u00e8res ; elle a g\u00e9r\u00e9 des projets de planification, de production et des projets cl\u00e9s en main. L\u2019exp\u00e9rience et la pratique qu\u2019elle poss\u00e8de a assur\u00e9 \u00e0 la marque un avantage unique pour r\u00e9pondre aux exigences et attentes des clients sp\u00e9ciaux.<\/p>\n<p>Zebrano, qui ne cesse grandir de jour en jour : a repr\u00e9sent\u00e9 la Turquie de la meilleure fa\u00e7on et a remport\u00e9 un grand succ\u00e8s avec les projets de grande \u00e9chelle qu'il a r\u00e9alis\u00e9s en Europe, en Afrique, en Asie et au Moyen-Orient.<\/p>\n<\/div><\/div><\/div>\t\t<\/div>\n\t\t\t\t<\/div>\n\t\t\t\t\t<\/div>\n\t\t<\/div>\n\t\t\t\t\t\t\t<\/div>\n\t\t<\/section>\n\t\t\t\t<section class=\"elementor-section elementor-top-section elementor-element elementor-element-10c3759 elementor-section-full_width elementor-section-height-default elementor-section-height-default\" data-id=\"10c3759\" data-element_type=\"section\" data-settings=\"{&quot;background_background&quot;:&quot;gradient&quot;}\">\n\t\t\t\t\t\t<div class=\"elementor-container elementor-column-gap-no\">\n\t\t\t\t\t<div class=\"elementor-column elementor-col-50 elementor-top-column elementor-element elementor-element-38c63967\" data-id=\"38c63967\" data-element_type=\"column\" data-settings=\"{&quot;background_background&quot;:&quot;classic&quot;}\">\n\t\t\t<div class=\"elementor-widget-wrap elementor-element-populated\">\n\t\t\t\t\t\t\t\t<div class=\"elementor-element elementor-element-47f3acfb section-align-right animated-slow section-size-default subtitle-style-default elementor-invisible elementor-widget elementor-widget-section-heading\" data-id=\"47f3acfb\" data-element_type=\"widget\" data-settings=\"{&quot;_animation&quot;:&quot;fadeIn&quot;}\" data-widget_type=\"section-heading.default\">\n\t\t\t\t<div class=\"elementor-widget-container\">\n\t\t\t<div class=\"section-heading headingstyle-default\"><h2 class=\"entry-title section-title\">Mission et Vision<\/h2><div class=\"section-description clearfix\"><div class=\"section-description-inner\"><p><strong>Il suit de pr\u00e8s les d\u00e9veloppements avec son personnel expert afin de r\u00e9pondre aux demandes croissantes et changeantes des clients, d'augmenter la qualit\u00e9 du service, d'assurer la satisfaction des clients et de r\u00e9duire les co\u00fbts au niveau minimum.<\/strong><\/p>\n<p>Notre entreprise, qui vise \u00e0 figurer parmi les trois premi\u00e8res entreprises de Turquie, tout en exer\u00e7ant ses activit\u00e9s et ses services dans le pays et \u00e0 l'\u00e9tranger ; Afin de maximiser la satisfaction des clients et de r\u00e9pondre \u00e0 toutes sortes de besoins dans le secteur, il suit de pr\u00e8s et met en \u0153uvre l'\u00e9volution et le d\u00e9veloppement de la technologie et le refl\u00e8te au mieux dans la politique de service.<\/p>\n<p>L\u2019Assurance de la sant\u00e9 et la s\u00e9curit\u00e9 au travail de nos employ\u00e9s, notre sensibilit\u00e9 \u00e0 l\u2019environnement nous permet de prioriser les concepts de qualit\u00e9, de sant\u00e9 et d\u2019environnement et de cr\u00e9er nos politiques en cons\u00e9quence. \u00c0 cette fin, le principe fondamental de notre entreprise est d'augmenter le niveau de connaissance et de bien-\u00eatre de nos employ\u00e9s, de se conformer aux conditions standard du syst\u00e8me de gestion de la qualit\u00e9, de la sant\u00e9 et de la s\u00e9curit\u00e9 au travail, des syst\u00e8mes de gestion de l'environnement (KSE\u00c7) et des conditions l\u00e9gales, de les mettre en \u0153uvre, rendre efficaces et de les am\u00e9liorer en permanence.<\/p>\n<p>En tant que cadre sup\u00e9rieur ; nous acceptons et nous engageons, afin de r\u00e9aliser toutes ces activit\u00e9s, de respecter les exigences des normes ISO 9001:2015 ENVIRONNEMENT 14001:2015 et SST \u0130SG 18001:2007 (Syst\u00e8me de gestion int\u00e9gr\u00e9 KSE\u00c7) et les conditions l\u00e9gales ; d\u2019am\u00e9liorer et de d\u00e9velopper d\u2019une fa\u00e7on permanent,  la fiabilit\u00e9 de fabrication, le respect des d\u00e9lais de livraison, la mise en \u0153uvre de techniques de r\u00e9duction des co\u00fbts constituant les principes de base de notre entreprise, nous nous engageons \u00e0 rendre permanent le d\u00e9veloppement et l\u2019efficacit\u00e9 de notre syst\u00e8me KSE\u00c7 tout en attachant l\u2019importance \u00e0 l\u2019Education.<\/p>\n<\/div><\/div><\/div>\t\t<\/div>\n\t\t\t\t<\/div>\n\t\t\t\t\t<\/div>\n\t\t<\/div>\n\t\t\t\t<div class=\"elementor-column elementor-col-50 elementor-top-column elementor-element elementor-element-6614c9c1\" data-id=\"6614c9c1\" data-element_type=\"column\" data-settings=\"{&quot;background_background&quot;:&quot;classic&quot;}\">\n\t\t\t<div class=\"elementor-widget-wrap elementor-element-populated\">\n\t\t\t\t\t\t\t\t<div class=\"elementor-element elementor-element-69198f4a elementor-widget elementor-widget-spacer\" data-id=\"69198f4a\" data-element_type=\"widget\" data-widget_type=\"spacer.default\">\n\t\t\t\t<div class=\"elementor-widget-container\">\n\t\t\t\t\t<div class=\"elementor-spacer\">\n\t\t\t<div class=\"elementor-spacer-inner\"><\/div>\n\t\t<\/div>\n\t\t\t\t<\/div>\n\t\t\t\t<\/div>\n\t\t\t\t\t<\/div>\n\t\t<\/div>\n\t\t\t\t\t\t\t<\/div>\n\t\t<\/section>\n\t\t\t\t<section class=\"elementor-section elementor-top-section elementor-element elementor-element-1bc191c8 elementor-section-full_width elementor-section-height-default elementor-section-height-default\" data-id=\"1bc191c8\" data-element_type=\"section\">\n\t\t\t\t\t\t<div class=\"elementor-container elementor-column-gap-no\">\n\t\t\t\t\t<div class=\"elementor-column elementor-col-100 elementor-top-column elementor-element elementor-element-5e84951b\" data-id=\"5e84951b\" data-element_type=\"column\">\n\t\t\t<div class=\"elementor-widget-wrap elementor-element-populated\">\n\t\t\t\t\t\t\t\t<div class=\"elementor-element elementor-element-4abc8f0 elementor-aspect-ratio-169 elementor-widget elementor-widget-video\" data-id=\"4abc8f0\" data-element_type=\"widget\" data-settings=\"{&quot;youtube_url&quot;:&quot;https:\\\/\\\/www.youtube.com\\\/watch?v=DG_9RL-MsDk&amp;t=20s&quot;,&quot;modestbranding&quot;:&quot;yes&quot;,&quot;show_image_overlay&quot;:&quot;yes&quot;,&quot;image_overlay&quot;:{&quot;url&quot;:&quot;https:\\\/\\\/www.zebranomobilya.com.tr\\\/tr\\\/wp-content\\\/uploads\\\/2021\\\/12\\\/KategoriHakkimizda2.jpg&quot;,&quot;id&quot;:8118,&quot;alt&quot;:&quot;&quot;,&quot;source&quot;:&quot;library&quot;},&quot;video_type&quot;:&quot;youtube&quot;,&quot;controls&quot;:&quot;yes&quot;,&quot;aspect_ratio&quot;:&quot;169&quot;}\" data-widget_type=\"video.default\">\n\t\t\t\t<div class=\"elementor-widget-container\">\n\t\t\t\t\t<div class=\"elementor-wrapper elementor-fit-aspect-ratio elementor-open-inline\">\n\t\t\t<div class=\"elementor-video\"><\/div>\t\t\t\t<div class=\"elementor-custom-embed-image-overlay\" style=\"background-image: url(https:\/\/www.zebrano.ma\/ma\/wp-content\/uploads\/2021\/12\/KategoriHakkimizda2.jpg);\">\n\t\t\t\t\t\t\t\t\t\t\t\t\t\t\t\t<div class=\"elementor-custom-embed-play\" role=\"button\">\n\t\t\t\t\t\t\t<i class=\"eicon-play\" aria-hidden=\"true\"><\/i>\n\t\t\t\t\t\t\t<span class=\"elementor-screen-only\">Videoyu oynat<\/span>\n\t\t\t\t\t\t<\/div>\n\t\t\t\t\t\t\t\t\t<\/div>\n\t\t\t\t\t<\/div>\n\t\t\t\t<\/div>\n\t\t\t\t<\/div>\n\t\t\t\t\t<\/div>\n\t\t<\/div>\n\t\t\t\t\t\t\t<\/div>\n\t\t<\/section>\n\t\t\t\t<section class=\"elementor-section elementor-top-section elementor-element elementor-element-033e17e elementor-section-boxed elementor-section-height-default elementor-section-height-default\" data-id=\"033e17e\" data-element_type=\"section\" data-settings=\"{&quot;background_background&quot;:&quot;classic&quot;}\">\n\t\t\t\t\t\t\t<div class=\"elementor-background-overlay\"><\/div>\n\t\t\t\t\t\t\t<div class=\"elementor-container elementor-column-gap-default\">\n\t\t\t\t\t<div class=\"elementor-column elementor-col-100 elementor-top-column elementor-element elementor-element-a1df03f\" data-id=\"a1df03f\" data-element_type=\"column\">\n\t\t\t<div class=\"elementor-widget-wrap elementor-element-populated\">\n\t\t\t\t\t\t\t\t<div class=\"elementor-element elementor-element-ae89b57 section-align-center section-size-large subtitle-style-default elementor-widget elementor-widget-section-heading\" data-id=\"ae89b57\" data-element_type=\"widget\" data-widget_type=\"section-heading.default\">\n\t\t\t\t<div class=\"elementor-widget-container\">\n\t\t\t<div class=\"section-heading headingstyle-default\"><h2 class=\"entry-title section-title\">Solutions Cr\u00e9atives<\/h2><div class=\"section-description clearfix\"><div class=\"section-description-inner\"><p>Des solutions sp\u00e9ciales dans les espaces de vie, avec le soutien d\u00e9corateur d'int\u00e9rieur, comme vos r\u00eaves... Les d\u00e9tails sont dans les magasins Zebrano...<\/p>\n<\/div><\/div><div class=\"section-button\"><a class=\"button-one-link\"  href=\"http:\/\/www.zebrano.ma\/ma\/?page_id=2532\"><div class=\"button-one mtheme-button\">NOUS CONTACTER<\/div><\/a><\/div><\/div>\t\t<\/div>\n\t\t\t\t<\/div>\n\t\t\t\t\t<\/div>\n\t\t<\/div>\n\t\t\t\t\t\t\t<\/div>\n\t\t<\/section>\n\t\t\t\t\t\t<\/div>\n\t\t\t\t\t<\/div>\n\t\t","protected":false},"excerpt":{"rendered":"<p>WHO WE ARE Sur Nous C&#8217;est la meilleure marque de Turquie qui a r\u00e9ussi \u00e0 s&#8217;ouvrir au monde dans le meuble classique, avant-garde et moderne avec pr\u00e8s de 40 magasins en Turquie et \u00e0 l&#8217;\u00e9tranger. C\u2019est l\u2019Adresse du Meuble de Luxe. Historique Fond\u00e9e en 1985, ZEBRANO ; est devenu l\u2019une des marques prestigieuses et importantes de l\u2019industrie du meuble, en faisant de la qualit\u00e9 un slogan. Elle a une approche totalement exempte de probl\u00e8mes qui propose des solutions de conception [&hellip;]<\/p>\n","protected":false},"author":1,"featured_media":0,"parent":0,"menu_order":0,"comment_status":"closed","ping_status":"closed","template":"","meta":[],"_links":{"self":[{"href":"https:\/\/www.zebrano.ma\/ma\/index.php?rest_route=\/wp\/v2\/pages\/616"}],"collection":[{"href":"https:\/\/www.zebrano.ma\/ma\/index.php?rest_route=\/wp\/v2\/pages"}],"about":[{"href":"https:\/\/www.zebrano.ma\/ma\/index.php?rest_route=\/wp\/v2\/types\/page"}],"author":[{"embeddable":true,"href":"https:\/\/www.zebrano.ma\/ma\/index.php?rest_route=\/wp\/v2\/users\/1"}],"replies":[{"embeddable":true,"href":"https:\/\/www.zebrano.ma\/ma\/index.php?rest_route=%2Fwp%2Fv2%2Fcomments&post=616"}],"version-history":[{"count":31,"href":"https:\/\/www.zebrano.ma\/ma\/index.php?rest_route=\/wp\/v2\/pages\/616\/revisions"}],"predecessor-version":[{"id":9499,"href":"https:\/\/www.zebrano.ma\/ma\/index.php?rest_route=\/wp\/v2\/pages\/616\/revisions\/9499"}],"wp:attachment":[{"href":"https:\/\/www.zebrano.ma\/ma\/index.php?rest_route=%2Fwp%2Fv2%2Fmedia&parent=616"}],"curies":[{"name":"wp","href":"https:\/\/api.w.org\/{rel}","templated":true}]}}